{"id":4059,"date":"2022-08-02T06:35:53","date_gmt":"2022-08-02T06:35:53","guid":{"rendered":"http:\/\/192.168.111.104\/?page_id=4059"},"modified":"2024-04-02T15:54:22","modified_gmt":"2024-04-02T11:54:22","slug":"vacancy","status":"publish","type":"page","link":"https:\/\/testenv.dreamhosters.com\/en\/vacancy\/","title":{"rendered":"Vacancy"},"content":{"rendered":"\t\t<div data-elementor-type=\"wp-page\" data-elementor-id=\"4059\" class=\"elementor elementor-4059\" data-elementor-post-type=\"page\">\n\t\t\t\t\t\t\t\t\t<section class=\"elementor-section elementor-top-section elementor-element elementor-element-5dd4cef elementor-section-boxed elementor-section-height-default elementor-section-height-default\" data-id=\"5dd4cef\" data-element_type=\"section\">\n\t\t\t\t\t\t<div class=\"elementor-container elementor-column-gap-default\">\n\t\t\t\t\t<div class=\"elementor-column elementor-col-100 elementor-top-column elementor-element elementor-element-e6374b4\" data-id=\"e6374b4\" data-element_type=\"column\">\n\t\t\t<div class=\"elementor-widget-wrap elementor-element-populated\">\n\t\t\t\t\t\t\t\t<div class=\"elementor-element elementor-element-bd69dd8 elementor-widget elementor-widget-heading\" data-id=\"bd69dd8\" data-element_type=\"widget\" data-widget_type=\"heading.default\">\n\t\t\t\t<div class=\"elementor-widget-container\">\n\t\t\t<style>\/*! elementor - v3.15.0 - 09-08-2023 *\/\n.elementor-heading-title{padding:0;margin:0;line-height:1}.elementor-widget-heading .elementor-heading-title[class*=elementor-size-]>a{color:inherit;font-size:inherit;line-height:inherit}.elementor-widget-heading .elementor-heading-title.elementor-size-small{font-size:15px}.elementor-widget-heading .elementor-heading-title.elementor-size-medium{font-size:19px}.elementor-widget-heading .elementor-heading-title.elementor-size-large{font-size:29px}.elementor-widget-heading .elementor-heading-title.elementor-size-xl{font-size:39px}.elementor-widget-heading .elementor-heading-title.elementor-size-xxl{font-size:59px}<\/style><h2 class=\"elementor-heading-title elementor-size-default\">Our vacancies<\/h2>\t\t<\/div>\n\t\t\t\t<\/div>\n\t\t\t\t\t<\/div>\n\t\t<\/div>\n\t\t\t\t\t\t\t<\/div>\n\t\t<\/section>\n\t\t\t\t<section class=\"elementor-section elementor-top-section elementor-element elementor-element-6935aea elementor-section-boxed elementor-section-height-default elementor-section-height-default\" data-id=\"6935aea\" data-element_type=\"section\">\n\t\t\t\t\t\t<div class=\"elementor-container elementor-column-gap-default\">\n\t\t\t\t\t<div class=\"elementor-column elementor-col-100 elementor-top-column elementor-element elementor-element-a6e8ca2\" data-id=\"a6e8ca2\" data-element_type=\"column\">\n\t\t\t<div class=\"elementor-widget-wrap elementor-element-populated\">\n\t\t\t\t\t\t\t\t<div class=\"elementor-element elementor-element-e3d9287 elementor-widget elementor-widget-text-editor\" data-id=\"e3d9287\" data-element_type=\"widget\" data-widget_type=\"text-editor.default\">\n\t\t\t\t<div class=\"elementor-widget-container\">\n\t\t\t<style>\/*! elementor - v3.15.0 - 09-08-2023 *\/\n.elementor-widget-text-editor.elementor-drop-cap-view-stacked .elementor-drop-cap{background-color:#69727d;color:#fff}.elementor-widget-text-editor.elementor-drop-cap-view-framed .elementor-drop-cap{color:#69727d;border:3px solid;background-color:transparent}.elementor-widget-text-editor:not(.elementor-drop-cap-view-default) .elementor-drop-cap{margin-top:8px}.elementor-widget-text-editor:not(.elementor-drop-cap-view-default) .elementor-drop-cap-letter{width:1em;height:1em}.elementor-widget-text-editor .elementor-drop-cap{float:left;text-align:center;line-height:1;font-size:50px}.elementor-widget-text-editor .elementor-drop-cap-letter{display:inline-block}<\/style>\t\t\t\t<p style=\"font-family: montserrat;\">&#8220;DiVi\u201d is a company that is constantly evolving, growing and moving forward. At us, career development is an integral part of our working culture. We are open to innovation, encourage new ideas and different approaches. Our goal is to create an environment where every employee can fulfill his or her potential<\/p>\t\t\t\t\t\t<\/div>\n\t\t\t\t<\/div>\n\t\t\t\t\t<\/div>\n\t\t<\/div>\n\t\t\t\t\t\t\t<\/div>\n\t\t<\/section>\n\t\t\t\t<section class=\"elementor-section elementor-top-section elementor-element elementor-element-6216c0f elementor-section-boxed elementor-section-height-default elementor-section-height-default\" data-id=\"6216c0f\" data-element_type=\"section\">\n\t\t\t\t\t\t<div class=\"elementor-container elementor-column-gap-default\">\n\t\t\t\t\t<div class=\"elementor-column elementor-col-100 elementor-top-column elementor-element elementor-element-dcf62ed\" data-id=\"dcf62ed\" data-element_type=\"column\">\n\t\t\t<div class=\"elementor-widget-wrap elementor-element-populated\">\n\t\t\t\t\t\t\t\t<section class=\"elementor-section elementor-inner-section elementor-element elementor-element-99fb13d elementor-section-boxed elementor-section-height-default elementor-section-height-default\" data-id=\"99fb13d\" data-element_type=\"section\">\n\t\t\t\t\t\t<div class=\"elementor-container elementor-column-gap-default\">\n\t\t\t\t\t<div class=\"elementor-column elementor-col-50 elementor-inner-column elementor-element elementor-element-e188cf2\" data-id=\"e188cf2\" data-element_type=\"column\">\n\t\t\t<div class=\"elementor-widget-wrap elementor-element-populated\">\n\t\t\t\t\t\t\t\t<div class=\"elementor-element elementor-element-4bc050d elementor-widget elementor-widget-heading\" data-id=\"4bc050d\" data-element_type=\"widget\" data-widget_type=\"heading.default\">\n\t\t\t\t<div class=\"elementor-widget-container\">\n\t\t\t<h2 class=\"elementor-heading-title elementor-size-default\"><a href=\"mailto: info@divi.az\">info<span style=\"color:red;\">@<\/span>divi.a<\/a>z<\/h2>\t\t<\/div>\n\t\t\t\t<\/div>\n\t\t\t\t\t<\/div>\n\t\t<\/div>\n\t\t\t\t<div class=\"elementor-column elementor-col-50 elementor-inner-column elementor-element elementor-element-d434a73\" data-id=\"d434a73\" data-element_type=\"column\">\n\t\t\t<div class=\"elementor-widget-wrap elementor-element-populated\">\n\t\t\t\t\t\t\t\t<div class=\"elementor-element elementor-element-b21a361 elementor-widget elementor-widget-text-editor\" data-id=\"b21a361\" data-element_type=\"widget\" data-widget_type=\"text-editor.default\">\n\t\t\t\t<div class=\"elementor-widget-container\">\n\t\t\t\t\t\t\t<p><span style=\"color: #ff0000;\">Please indicate in the subject line of the email what position you are applying for.<\/span><\/p>\t\t\t\t\t\t<\/div>\n\t\t\t\t<\/div>\n\t\t\t\t\t<\/div>\n\t\t<\/div>\n\t\t\t\t\t\t\t<\/div>\n\t\t<\/section>\n\t\t\t\t\t<\/div>\n\t\t<\/div>\n\t\t\t\t\t\t\t<\/div>\n\t\t<\/section>\n\t\t\t\t<section class=\"elementor-section elementor-top-section elementor-element elementor-element-d5d4a43 elementor-section-boxed elementor-section-height-default elementor-section-height-default\" data-id=\"d5d4a43\" data-element_type=\"section\">\n\t\t\t\t\t\t<div class=\"elementor-container elementor-column-gap-default\">\n\t\t\t\t\t<div class=\"elementor-column elementor-col-100 elementor-top-column elementor-element elementor-element-00810ba\" data-id=\"00810ba\" data-element_type=\"column\">\n\t\t\t<div class=\"elementor-widget-wrap elementor-element-populated\">\n\t\t\t\t\t\t\t\t<div class=\"elementor-element elementor-element-3b0d2bb elementor-widget elementor-widget-heading\" data-id=\"3b0d2bb\" data-element_type=\"widget\" data-widget_type=\"heading.default\">\n\t\t\t\t<div class=\"elementor-widget-container\">\n\t\t\t<h2 class=\"elementor-heading-title elementor-size-default\">We're looking for:<\/h2>\t\t<\/div>\n\t\t\t\t<\/div>\n\t\t\t\t\t<\/div>\n\t\t<\/div>\n\t\t\t\t\t\t\t<\/div>\n\t\t<\/section>\n\t\t\t\t<section class=\"elementor-section elementor-top-section elementor-element elementor-element-c30fd59 elementor-section-boxed elementor-section-height-default elementor-section-height-default\" data-id=\"c30fd59\" data-element_type=\"section\">\n\t\t\t\t\t\t<div class=\"elementor-container elementor-column-gap-default\">\n\t\t\t\t\t<div class=\"elementor-column elementor-col-100 elementor-top-column elementor-element elementor-element-50d681f\" data-id=\"50d681f\" data-element_type=\"column\">\n\t\t\t<div class=\"elementor-widget-wrap elementor-element-populated\">\n\t\t\t\t\t\t\t\t<div class=\"elementor-element elementor-element-69f5555 elementor-widget elementor-widget-accordion\" data-id=\"69f5555\" data-element_type=\"widget\" data-widget_type=\"accordion.default\">\n\t\t\t\t<div class=\"elementor-widget-container\">\n\t\t\t<style>.elementor-accordion{text-align:left}.elementor-accordion .elementor-accordion-item{border:1px solid #d5d8dc}.elementor-accordion .elementor-accordion-item+.elementor-accordion-item{border-top:none}.elementor-accordion .elementor-tab-title{margin:0;padding:15px 20px;font-weight:700;line-height:1;cursor:pointer;outline:none}.elementor-accordion .elementor-tab-title .elementor-accordion-icon{display:inline-block;width:1.5em}.elementor-accordion .elementor-tab-title .elementor-accordion-icon svg{width:1em;height:1em}.elementor-accordion .elementor-tab-title .elementor-accordion-icon.elementor-accordion-icon-right{float:right;text-align:right}.elementor-accordion .elementor-tab-title .elementor-accordion-icon.elementor-accordion-icon-left{float:left;text-align:left}.elementor-accordion .elementor-tab-title .elementor-accordion-icon .elementor-accordion-icon-closed{display:block}.elementor-accordion .elementor-tab-title .elementor-accordion-icon .elementor-accordion-icon-opened,.elementor-accordion .elementor-tab-title.elementor-active .elementor-accordion-icon-closed{display:none}.elementor-accordion .elementor-tab-title.elementor-active .elementor-accordion-icon-opened{display:block}.elementor-accordion .elementor-tab-content{display:none;padding:15px 20px;border-top:1px solid #d5d8dc}@media (max-width:767px){.elementor-accordion .elementor-tab-title{padding:12px 15px}.elementor-accordion .elementor-tab-title .elementor-accordion-icon{width:1.2em}.elementor-accordion .elementor-tab-content{padding:7px 15px}}.e-con-inner>.elementor-widget-accordion,.e-con>.elementor-widget-accordion{width:var(--container-widget-width);--flex-grow:var(--container-widget-flex-grow)}<\/style>\t\t<div class=\"elementor-accordion\">\n\t\t\t\t\t\t\t<div class=\"elementor-accordion-item\">\n\t\t\t\t\t<div id=\"elementor-tab-title-1111\" class=\"elementor-tab-title\" data-tab=\"1\" role=\"button\" aria-controls=\"elementor-tab-content-1111\" aria-expanded=\"false\">\n\t\t\t\t\t\t\t\t\t\t\t\t\t<span class=\"elementor-accordion-icon elementor-accordion-icon-left\" aria-hidden=\"true\">\n\t\t\t\t\t\t\t\t\t\t\t\t\t\t\t<span class=\"elementor-accordion-icon-closed\"><i class=\"fas fa-plus\"><\/i><\/span>\n\t\t\t\t\t\t\t\t<span class=\"elementor-accordion-icon-opened\"><i class=\"fas fa-minus\"><\/i><\/span>\n\t\t\t\t\t\t\t\t\t\t\t\t\t\t<\/span>\n\t\t\t\t\t\t\t\t\t\t\t\t<a class=\"elementor-accordion-title\" tabindex=\"0\">Servis m\u00fch\u0259ndisi (printerl\u0259rin t\u0259miri v\u0259 texniki xidm\u0259ti)<\/a>\n\t\t\t\t\t<\/div>\n\t\t\t\t\t<div id=\"elementor-tab-content-1111\" class=\"elementor-tab-content elementor-clearfix\" data-tab=\"1\" role=\"region\" aria-labelledby=\"elementor-tab-title-1111\"><article><h5 style=\"font-family: montserrat;\">\u018fm\u0259k funksiyalar\u0131:<\/h5><ul style=\"font-family: montserrat;\"><li>Xidm\u0259t m\u0259rk\u0259zinin \u0259razisind\u0259 v\u0259 m\u00fc\u015ft\u0259ril\u0259rin \u0259razisind\u0259 printerl\u0259r\u0259 servis xidm\u0259ti;<\/li><li>T\u0259mir \u00fc\u00e7\u00fcn komponentl\u0259rin hiss\u0259l\u0259rin n\u00f6mr\u0259l\u0259ri il\u0259 se\u00e7ilm\u0259si;<\/li><li>Inkjet v\u0259 lazer printerl\u0259rin t\u0259miri v\u0259 texniki xidm\u0259ti;<\/li><li>\u0130stifad\u0259\u00e7inin \u0259razisind\u0259 avadanl\u0131\u011f\u0131n qura\u015fd\u0131r\u0131lmas\u0131 v\u0259 konfiqurasiyas\u0131;<\/li><li>Printerl\u0259rin i\u015fl\u0259m\u0259si \u00fc\u00e7\u00fcn t\u0259l\u0259b olunan proqram t\u0259minat\u0131n\u0131n qura\u015fd\u0131r\u0131lmas\u0131 v\u0259 konfiqurasiyas\u0131<\/li><li>G\u00f6r\u00fclm\u00fc\u015f i\u015fl\u0259r bar\u0259sind\u0259 r\u0259hb\u0259rliy\u0259 hesabat..<\/li><\/ul><h5 style=\"font-family: montserrat;\">T\u0259l\u0259bl\u0259r:<\/h5><ul style=\"font-family: montserrat;\"><li>Ofis avadanl\u0131qlar\u0131n\u0131n t\u0259miri v\u0259 texniki xidm\u0259ti \u00fczr\u0259 3 ild\u0259n art\u0131q t\u0259cr\u00fcb\u0259<\/li><li>T\u0259hsil: orta ixtisas\/texniki<\/li><li>Tipik printer nasazl\u0131qlar\u0131 haqq\u0131nda bilikl\u0259r<\/li><\/ul><h5 style=\"font-family: montserrat;\">\u015e\u0259rtl\u0259r:<\/h5><ul style=\"font-family: montserrat;\"><li>AR \u018fm\u0259k M\u0259c\u0259ll\u0259sin\u0259 \u0259sas\u0259n s\u0259n\u0259dl\u0259\u015fm\u0259<\/li><li>5 g\u00fcnl\u00fck i\u015f rejimi<\/li><li>H\u0259ft\u0259 i\u00e7i g\u00fcnl\u0259r saat 09:00-dan 18:00-d\u0259k<\/li><li>\u018fm\u0259k haqq\u0131<\/li><\/ul><\/article><\/div>\n\t\t\t\t<\/div>\n\t\t\t\t\t\t\t<div class=\"elementor-accordion-item\">\n\t\t\t\t\t<div id=\"elementor-tab-title-1112\" class=\"elementor-tab-title\" data-tab=\"2\" role=\"button\" aria-controls=\"elementor-tab-content-1112\" aria-expanded=\"false\">\n\t\t\t\t\t\t\t\t\t\t\t\t\t<span class=\"elementor-accordion-icon elementor-accordion-icon-left\" aria-hidden=\"true\">\n\t\t\t\t\t\t\t\t\t\t\t\t\t\t\t<span class=\"elementor-accordion-icon-closed\"><i class=\"fas fa-plus\"><\/i><\/span>\n\t\t\t\t\t\t\t\t<span class=\"elementor-accordion-icon-opened\"><i class=\"fas fa-minus\"><\/i><\/span>\n\t\t\t\t\t\t\t\t\t\t\t\t\t\t<\/span>\n\t\t\t\t\t\t\t\t\t\t\t\t<a class=\"elementor-accordion-title\" tabindex=\"0\">Komp\u00fcter texniki xidm\u0259t m\u00fch\u0259ndisi<\/a>\n\t\t\t\t\t<\/div>\n\t\t\t\t\t<div id=\"elementor-tab-content-1112\" class=\"elementor-tab-content elementor-clearfix\" data-tab=\"2\" role=\"region\" aria-labelledby=\"elementor-tab-title-1112\"><article><h5 style=\"font-family: montserrat;\">\u018fm\u0259k funksiyalar\u0131:<\/h5><ul style=\"font-family: montserrat;\"><li>M\u00fc\u015ft\u0259rinin \u0259razisind\u0259 v\u0259 servis m\u0259rk\u0259zind\u0259 cihaz\u0131n diaqnostikas\u0131<\/li><li>Hiss\u0259 kataloqlar\u0131na uy\u011fun olaraq nasaz hiss\u0259l\u0259rin m\u00fc\u0259yy\u0259n edilm\u0259si<\/li><li>1C-d\u0259 texniki hesabatlar\u0131n\u0131n t\u0259rtib edilm\u0259si<\/li><li>M\u00fc\u015ft\u0259rinin \u0259razisind\u0259 v\u0259 servis m\u0259rk\u0259zind\u0259 t\u0259mir v\u0259 texniki xidm\u0259t i\u015fl\u0259rinin yerin\u0259 yetirilm\u0259si<\/li><li>Probleml\u0259rin aradan qald\u0131r\u0131lmas\u0131, komponentl\u0259rin d\u0259yi\u015fdirilm\u0259si, komp\u00fcterl\u0259rin t\u0259kmill\u0259\u015fdirilm\u0259si;<\/li><\/ul><h5 style=\"font-family: montserrat;\">T\u0259l\u0259bl\u0259r:<\/h5><ul style=\"font-family: montserrat;\"><li>Orta texniki t\u0259hsil;<\/li><li>T\u0259cr\u00fcb\u0259li PC istifad\u0259\u00e7isi, 1C biliyi<\/li><li>\u00a0Kompyuter \u00a0avadanl\u0131qlar\u0131n\u0131n t\u0259miri \u00fczr\u0259 m\u00fch\u0259ndis (usta) kimi 3 il i\u015f t\u0259cr\u00fcb\u0259si<\/li><li>Cihaz\u0131n nasazl\u0131\u011f\u0131n\u0131 tez v\u0259 keyfiyy\u0259tli diaqnostika etm\u0259k.<\/li><li>Kompyuter texnologiyas\u0131ndak\u0131 probleml\u0259r v\u0259 s\u0259hvl\u0259r haqq\u0131nda bilikl\u0259r<\/li><li>S\u0259hvl\u0259ri aradan qald\u0131rmaq v\u0259 avadanl\u0131qlar\u0131 t\u0259mir etm\u0259k bacar\u0131\u011f\u0131<\/li><li>G\u00f6r\u00fclm\u00fc\u015f i\u015fl\u0259r bar\u0259sind\u0259 r\u0259hb\u0259rliy\u0259 hesabat..<\/li><\/ul><h5 style=\"font-family: montserrat;\">\u015e\u0259rtl\u0259r:<\/h5><ul style=\"font-family: montserrat;\"><li>AR \u018fm\u0259k M\u0259c\u0259ll\u0259sin\u0259 \u0259sas\u0259n s\u0259n\u0259dl\u0259\u015fm\u0259<\/li><li>5 g\u00fcnl\u00fck i\u015f rejimi<\/li><li>H\u0259ft\u0259 i\u00e7i g\u00fcnl\u0259r saat 09:00-dan 18:00-d\u0259k<\/li><li>\u018fm\u0259k haqq\u0131<\/li><\/ul><\/article><\/div>\n\t\t\t\t<\/div>\n\t\t\t\t\t\t\t\t<\/div>\n\t\t\t\t<\/div>\n\t\t\t\t<\/div>\n\t\t\t\t\t<\/div>\n\t\t<\/div>\n\t\t\t\t\t\t\t<\/div>\n\t\t<\/section>\n\t\t\t\t\t\t\t<\/div>\n\t\t","protected":false},"excerpt":{"rendered":"<p>Our vacancies &#8220;DiVi\u201d is a company that is constantly evolving, growing and moving forward. At us, career development is an integral part of our working culture. We are open to innovation, encourage new ideas and different approaches. Our goal is to create an environment where every employee can fulfill his or her potential info@divi.az Please [&hellip;]<\/p>\n","protected":false},"author":1,"featured_media":5141,"parent":0,"menu_order":0,"comment_status":"closed","ping_status":"closed","template":"","meta":{"site-sidebar-layout":"no-sidebar","site-content-layout":"page-builder","ast-site-content-layout":"","site-content-style":"default","site-sidebar-style":"default","ast-global-header-display":"","ast-banner-title-visibility":"","ast-main-header-display":"","ast-hfb-above-header-display":"","ast-hfb-below-header-display":"","ast-hfb-mobile-header-display":"","site-post-title":"disabled","ast-breadcrumbs-content":"","ast-featured-img":"disabled","footer-sml-layout":"","theme-transparent-header-meta":"default","adv-header-id-meta":"","stick-header-meta":"","header-above-stick-meta":"","header-main-stick-meta":"","header-below-stick-meta":"","astra-migrate-meta-layouts":"default","ast-page-background-enabled":"default","ast-page-background-meta":{"desktop":{"background-color":"","background-image":"","background-repeat":"repeat","background-position":"center center","background-size":"auto","background-attachment":"scroll","background-type":"","background-media":"","overlay-type":"","overlay-color":"","overlay-opacity":"","overlay-gradient":""},"tablet":{"background-color":"","background-image":"","background-repeat":"repeat","background-position":"center center","background-size":"auto","background-attachment":"scroll","background-type":"","background-media":"","overlay-type":"","overlay-color":"","overlay-opacity":"","overlay-gradient":""},"mobile":{"background-color":"","background-image":"","background-repeat":"repeat","background-position":"center center","background-size":"auto","background-attachment":"scroll","background-type":"","background-media":"","overlay-type":"","overlay-color":"","overlay-opacity":"","overlay-gradient":""}},"ast-content-background-meta":{"desktop":{"background-color":"var(--ast-global-color-5)","background-image":"","background-repeat":"repeat","background-position":"center center","background-size":"auto","background-attachment":"scroll","background-type":"","background-media":"","overlay-type":"","overlay-color":"","overlay-opacity":"","overlay-gradient":""},"tablet":{"background-color":"var(--ast-global-color-5)","background-image":"","background-repeat":"repeat","background-position":"center center","background-size":"auto","background-attachment":"scroll","background-type":"","background-media":"","overlay-type":"","overlay-color":"","overlay-opacity":"","overlay-gradient":""},"mobile":{"background-color":"var(--ast-global-color-5)","background-image":"","background-repeat":"repeat","background-position":"center center","background-size":"auto","background-attachment":"scroll","background-type":"","background-media":"","overlay-type":"","overlay-color":"","overlay-opacity":"","overlay-gradient":""}},"footnotes":""},"class_list":["post-4059","page","type-page","status-publish","has-post-thumbnail","hentry"],"_links":{"self":[{"href":"https:\/\/testenv.dreamhosters.com\/en\/wp-json\/wp\/v2\/pages\/4059","targetHints":{"allow":["GET"]}}],"collection":[{"href":"https:\/\/testenv.dreamhosters.com\/en\/wp-json\/wp\/v2\/pages"}],"about":[{"href":"https:\/\/testenv.dreamhosters.com\/en\/wp-json\/wp\/v2\/types\/page"}],"author":[{"embeddable":true,"href":"https:\/\/testenv.dreamhosters.com\/en\/wp-json\/wp\/v2\/users\/1"}],"replies":[{"embeddable":true,"href":"https:\/\/testenv.dreamhosters.com\/en\/wp-json\/wp\/v2\/comments?post=4059"}],"version-history":[{"count":10,"href":"https:\/\/testenv.dreamhosters.com\/en\/wp-json\/wp\/v2\/pages\/4059\/revisions"}],"predecessor-version":[{"id":6205,"href":"https:\/\/testenv.dreamhosters.com\/en\/wp-json\/wp\/v2\/pages\/4059\/revisions\/6205"}],"wp:featuredmedia":[{"embeddable":true,"href":"https:\/\/testenv.dreamhosters.com\/en\/wp-json\/wp\/v2\/media\/5141"}],"wp:attachment":[{"href":"https:\/\/testenv.dreamhosters.com\/en\/wp-json\/wp\/v2\/media?parent=4059"}],"curies":[{"name":"wp","href":"https:\/\/api.w.org\/{rel}","templated":true}]}}